{"id":20,"date":"2020-02-25T20:48:54","date_gmt":"2020-02-25T20:48:54","guid":{"rendered":"https:\/\/www.palandun.de\/?page_id=20"},"modified":"2025-03-20T09:43:21","modified_gmt":"2025-03-20T09:43:21","slug":"ueber-mich","status":"publish","type":"page","link":"https:\/\/www.palandun.de\/index.php\/ueber-mich\/","title":{"rendered":"\u00fcber mich"},"content":{"rendered":"\n<h3 class=\"wp-block-heading\"> Name<\/h3>\n\n\n\n<p>\n Carsten H.Thurau \n<\/p>\n\n\n\n<h3 class=\"wp-block-heading\"> Geburtsdaten<\/h3>\n\n\n\n<p>\n Jerusalem, am 2. August des Jahres -130 v.Chr. \n<\/p>\n\n\n\n<h3 class=\"wp-block-heading\"> Wohnort (geruechteweise)<\/h3>\n\n\n\n<p>Hinter den 7 Bergen <br> 00000 Bei den 7 Zwergen <br><a href=\"mailto:brambl@palandun.de\">brambl@palandun.de<\/a><br><a href=\"http:\/\/www.palandun.de\/\">http:\/\/www.palandun.de\/<\/a><\/p>\n\n\n\n<p>oder so \u00e4hnlich <\/p>\n\n\n\n<h3 class=\"wp-block-heading\"> Aktivitaeten<\/h3>\n\n\n\n<ul class=\"wp-block-list\">\n<li> Programmieren (hat was mit Arbeit zu tun)<\/li>\n\n\n\n<li> schlechte Witze machen<\/li>\n\n\n\n<li> <a href=\"http:\/\/www.palandun.de\/larp\">LARP<\/a><br>  <\/li>\n\n\n\n<li> Fu\u00dfball spielen (aber nur hobbym\u00e4\u00dfig &#8211; bei 4 gegen<br>4 kriegt man doch mal den Ball)<\/li>\n\n\n\n<li>Rollenspiele, vor allem Advanced Dungeons and Dragons<br>  <\/li>\n\n\n\n<li>Kinder erzeugen und beh\u00fcten &#8211; irgendwie mittlerweile das Haupthobby<br>  <\/li>\n\n\n\n<li>Radfahren, Joggen, Schwimmen (inklusive Triathlon)<\/li>\n<\/ul>\n\n\n\n<h2 class=\"wp-block-heading\">geklaute Spr\u00fcche<\/h2>\n\n\n\n<ul class=\"wp-block-list\">\n<li> Man sollte nie die gleiche Dummheit zweimal machen, denn die Auswahl<br>ist sehr gro\u00df! (<em>Berthold Brecht<\/em>)<\/li>\n\n\n\n<li> Eine gute Vorbereitung erm\u00f6glicht eine schnelle und sichere Reise. <br>(<em>Odysseus<\/em>)<\/li>\n\n\n\n<li> Der Mensch ist ein Spezialfall des Fehlers.<\/li>\n\n\n\n<li> Und wir werden uns einen guten Anwalt besorgen (<em>Adam, -Vertreibung<br>aus dem Paradies<\/em>)<\/li>\n\n\n\n<li> Jede Minute, die man lacht, verl\u00e4ngert das Leben um 1 Stunde<br>(<em>chinesisches Sprichwort<\/em>)<\/li>\n\n\n\n<li> Da hat man ein Challenger Ungl\u00fcck veranstaltet&#8230; (<em>Prof. Reinhard <br>Keil-Slawik \u00fcber Experimente<\/em>)<\/li>\n\n\n\n<li> Der Erlk\u00f6nig: Er reitet wie der Wind zu seiner Schnalle, in seinen <br>Armen das Kind war alle. (<em>Klaus Peter Schreiner<\/em>)<\/li>\n\n\n\n<li> der SPD-Slogan: Innovation statt Gerechtigkeit (?)<\/li>\n\n\n\n<li> Ihr Kinderlein kommet: Macht zu das Tor, die T\u00fcr macht dicht,<br>die anderen Kinder wollen wir nicht. (<em>Klaus Peter Schreiner ?)<\/em><\/li>\n\n\n\n<li> Freiheit ist immer die Freiheit des anders Tankenden! (<em>Richard<br>Rogler \u00fcber 5 DM-Benzin<\/em>)<\/li>\n\n\n\n<li> &#8222;Glauben Sie keinem Fachmann, der Ihnen sagt, er h\u00e4tte das schon<br>immer so gemacht: man kann auch etwas 20 Jahre lang falsch machen!&#8220; (<em>Tucholsky<\/em><br>)<\/li>\n\n\n\n<li> Never change a running code!<\/li>\n\n\n\n<li> In zweifelhaften F\u00e4llen entscheide man sich f\u00fcr das Richtige! <br>(<em>Karl Kraus<\/em>)<\/li>\n\n\n\n<li> Der letzte macht die T\u00fcr zu. (<em>Honecker<\/em>)<\/li>\n\n\n\n<li> Die 4 Feinde der DDR: Fr\u00fchling, Sommer, Herbst und Winter. (?)<\/li>\n\n\n\n<li> Ein Bigamist ist jemand, der von zwei \u00dcbeln beide w\u00e4hlte.<br>(?)<\/li>\n\n\n\n<li> Europa ist ein Irrenhaus, Deutschland die geschlossene Abteilung.<br>(?)<\/li>\n\n\n\n<li> 3 S\u00e4ulen der Kultur: Hochzeit, Mahlzeit, Freizeit. (<em>J\u00fcrgen <br>Becker<\/em>)<\/li>\n\n\n\n<li>Immer nur ernst zu sein, ist der beste Weg, sich l\u00e4cherlich zu<br>machen. (C.Thurau)<br><br>  <\/li>\n\n\n\n<li> Indianische Weisheit: Und wenn der letzte Fisch gegessen und der letzte <br>Baum gef\u00e4llt ist, werdet ihr sehen, da\u00df uns das alles schei\u00dfegal <br>ist. (<em>Harald Schmidt Show<\/em>)<\/li>\n\n\n\n<li>Im Zusammenhang zweier Menschen gibt es Schlimmeres als Treuebruch. Zum<br>  Beispiel Gleichg\u00fcltigkeit, Humorlosigkeit, Monotonie, Bosheit,<br>Taktlosigkeit und<br>                            Intoleranz.<br>  (Lilli Palmer)<br>  <br>  <\/li>\n\n\n\n<li>Ein Fanatiker ist jemand, der seine Anstrengungen<br>verdoppelt, wenn er sein Ziel vergessen hat.<br>(George Santayana)<br> <br> <\/li>\n\n\n\n<li> Es gibt mehr Arschl\u00f6cher, die sich f\u00fcr heilige halten, als umgekehrt.<br> <\/li>\n\n\n\n<li> Wie nennt man K\u00f6che, die sich auf S\u00fcsskram spezialisiert haben? Desserteure.<br> <\/li>\n\n\n\n<li> Wenn Du glaubst, Kinder sind die, die immer lustig sind &#8230; dann bist du nie ein Kind gewesen. (Carsten Thurau)<br><\/li>\n<\/ul>\n","protected":false},"excerpt":{"rendered":"<p>Name Carsten H.Thurau Geburtsdaten Jerusalem, am 2. August des Jahres -130 v.Chr. Wohnort (geruechteweise) Hinter den 7 Bergen 00000 Bei den 7 Zwergen brambl@palandun.dehttp:\/\/www.palandun.de\/ oder so \u00e4hnlich Aktivitaeten geklaute Spr\u00fcche<\/p>\n","protected":false},"author":2,"featured_media":0,"parent":0,"menu_order":0,"comment_status":"closed","ping_status":"closed","template":"","meta":{"footnotes":""},"class_list":["post-20","page","type-page","status-publish","hentry"],"_links":{"self":[{"href":"https:\/\/www.palandun.de\/index.php\/wp-json\/wp\/v2\/pages\/20","targetHints":{"allow":["GET"]}}],"collection":[{"href":"https:\/\/www.palandun.de\/index.php\/wp-json\/wp\/v2\/pages"}],"about":[{"href":"https:\/\/www.palandun.de\/index.php\/wp-json\/wp\/v2\/types\/page"}],"author":[{"embeddable":true,"href":"https:\/\/www.palandun.de\/index.php\/wp-json\/wp\/v2\/users\/2"}],"replies":[{"embeddable":true,"href":"https:\/\/www.palandun.de\/index.php\/wp-json\/wp\/v2\/comments?post=20"}],"version-history":[{"count":4,"href":"https:\/\/www.palandun.de\/index.php\/wp-json\/wp\/v2\/pages\/20\/revisions"}],"predecessor-version":[{"id":2642,"href":"https:\/\/www.palandun.de\/index.php\/wp-json\/wp\/v2\/pages\/20\/revisions\/2642"}],"wp:attachment":[{"href":"https:\/\/www.palandun.de\/index.php\/wp-json\/wp\/v2\/media?parent=20"}],"curies":[{"name":"wp","href":"https:\/\/api.w.org\/{rel}","templated":true}]}}